{"id":944,"date":"2022-09-07T19:40:22","date_gmt":"2022-09-08T01:40:22","guid":{"rendered":"https:\/\/moeduniv.izt.uam.mx\/?page_id=944"},"modified":"2023-04-24T17:01:12","modified_gmt":"2023-04-24T23:01:12","slug":"registro-2","status":"publish","type":"page","link":"https:\/\/moeduniv.izt.uam.mx\/index.php\/registro-2\/","title":{"rendered":"Registro CAMBIA"},"content":{"rendered":"\n<p><\/p>\n\n\n\n<p>Lo importante una vez aceptado es realizar tu forma de pago en el siguiente enlace como lo muestra el siguiente enlace.<\/p>\n\n\n\n<h1 class=\"wp-block-heading\"><strong>FORMAS DE PAGOS <\/strong><\/h1>\n\n\n\n<p>El registro en esta ocasi\u00f3n para la convocatoria del V Coloquio Nacional sobre Modelos<br>Educativos Universitarios (MEU) es \u00fanico, por favor seleccionar alguna de las opciones en el cuestionario. <\/p>\n\n\n\n<p><strong>Ponente presencial<\/strong><br><strong>Ponente virtual<\/strong> <\/p>\n\n\n\n<p><strong>Ponente alumno (presencial o virtual)<\/strong><\/p>\n\n\n\n<p><strong>Asistentes (no ponentes) presencial o virtual<\/strong><\/p>\n\n\n\n<p><strong>REGISTRO (CERRADO)<\/strong><\/p>\n\n\n\n<p>El registro actualmente te pedir\u00e1 tu resumen de propuesta de participaci\u00f3n si ya hiciste el registro, favor de mandar tu resumen a moeduniv@gmail.com  o vuelve a realizar el registro. Agradecemos tu participaci\u00f3n.<\/p>\n\n\n\n<p><strong>Caracter\u00edsticas de los Res\u00famenes<\/strong>:&nbsp;<\/p>\n\n\n\n<p>Indicar la mesa de trabajo y la tem\u00e1tica a la que pertenece. (INTEGRAR FORMATO DE RESUMEN DEL 5ER. COLOQUIO)<\/p>\n\n\n\n<p><strong>Se\u00f1alar el Tipo de estudio<\/strong>: Reporte de investigaci\u00f3n (parcial o final), Intervenci\u00f3n Aportaci\u00f3n te\u00f3rica&nbsp; o Ensayo<\/p>\n\n\n\n<p>\u2219 T\u00edtulo: 20 palabras m\u00e1ximo.<\/p>\n\n\n\n<p>\u2219 Desarrollo: 500 palabras m\u00e1ximo.<\/p>\n\n\n\n<p>&nbsp;\u2219 Palabras claves: entre tres y cinco.<\/p>\n\n\n\n<p>\u2219 Nombre(s) del autor(es): m\u00e1ximo tres autores.<\/p>\n\n\n\n<ul class=\"wp-block-list\"><li>Correo electr\u00f3nico del responsable quien env\u00eda el resumen:<\/li><\/ul>\n\n\n\n<p>&nbsp;\u2219 Instituci\u00f3n a la que pertenece<\/p>\n\n\n\n<p>Fecha de inicio de env\u00edo de resumen: a partir de la publicaci\u00f3n de la convocatoria.<\/p>\n\n\n\n<p><\/p>\n\n\n\n<p><\/p>\n\n\n\n<h2 class=\"wp-block-heading\"><\/h2>\n\n\n\n<h2 class=\"wp-block-heading\"><\/h2>\n\n\n\n<h2 class=\"wp-block-heading\"><\/h2>\n\n\n\n<h2 class=\"wp-block-heading\"><\/h2>\n","protected":false},"excerpt":{"rendered":"<p>Lo importante una vez aceptado es realizar tu forma de pago en el siguiente enlace como lo muestra el siguiente enlace. FORMAS DE PAGOS El registro en esta ocasi\u00f3n para la convocatoria del V Coloquio Nacional sobre ModelosEducativos Universitarios (MEU) es \u00fanico, por favor seleccionar alguna de las opciones en el cuestionario. Ponente presencialPonente virtual &hellip; <\/p>\n<p class=\"link-more\"><a href=\"https:\/\/moeduniv.izt.uam.mx\/index.php\/registro-2\/\" class=\"more-link\">Continuar leyendo<span class=\"screen-reader-text\"> &#8220;Registro CAMBIA&#8221;<\/span><\/a><\/p>\n","protected":false},"author":1,"featured_media":0,"parent":0,"menu_order":0,"comment_status":"closed","ping_status":"closed","template":"","meta":{"footnotes":""},"class_list":["post-944","page","type-page","status-publish","hentry"],"_links":{"self":[{"href":"https:\/\/moeduniv.izt.uam.mx\/index.php\/wp-json\/wp\/v2\/pages\/944","targetHints":{"allow":["GET"]}}],"collection":[{"href":"https:\/\/moeduniv.izt.uam.mx\/index.php\/wp-json\/wp\/v2\/pages"}],"about":[{"href":"https:\/\/moeduniv.izt.uam.mx\/index.php\/wp-json\/wp\/v2\/types\/page"}],"author":[{"embeddable":true,"href":"https:\/\/moeduniv.izt.uam.mx\/index.php\/wp-json\/wp\/v2\/users\/1"}],"replies":[{"embeddable":true,"href":"https:\/\/moeduniv.izt.uam.mx\/index.php\/wp-json\/wp\/v2\/comments?post=944"}],"version-history":[{"count":22,"href":"https:\/\/moeduniv.izt.uam.mx\/index.php\/wp-json\/wp\/v2\/pages\/944\/revisions"}],"predecessor-version":[{"id":1490,"href":"https:\/\/moeduniv.izt.uam.mx\/index.php\/wp-json\/wp\/v2\/pages\/944\/revisions\/1490"}],"wp:attachment":[{"href":"https:\/\/moeduniv.izt.uam.mx\/index.php\/wp-json\/wp\/v2\/media?parent=944"}],"curies":[{"name":"wp","href":"https:\/\/api.w.org\/{rel}","templated":true}]}}