{"id":5,"date":"2020-01-22T12:07:12","date_gmt":"2020-01-22T18:07:12","guid":{"rendered":"https:\/\/moeduniv.izt.uam.mx\/?page_id=5"},"modified":"2023-05-12T11:24:18","modified_gmt":"2023-05-12T17:24:18","slug":"convocatoria","status":"publish","type":"page","link":"https:\/\/moeduniv.izt.uam.mx\/index.php\/convocatoria\/","title":{"rendered":"Convocatoria"},"content":{"rendered":"\n<figure class=\"wp-block-image size-large\"><img decoding=\"async\" src=\"https:\/\/moeduniv.izt.uam.mx\/wp-content\/uploads\/2023\/02\/logos_gral-1.jpg\" alt=\"\"\/><\/figure>\n\n\n\n<p><strong><a href=\"https:\/\/drive.google.com\/file\/d\/1KIkVDrMC7ZL1Qc8K1F33iYBCcNcpZLkm\/view?usp=sharing\">PROGRAMA 2023<\/a><\/strong><\/p>\n\n\n\n<p><\/p>\n\n\n\n<p><a href=\"https:\/\/moeduniv.izt.uam.mx\/wp-content\/uploads\/2022\/10\/rumbo4D.pdf\" data-type=\"URL\">CARTEL RUMBO AL COLOQUIO<\/a><\/p>\n\n\n\n<h2 class=\"wp-block-heading\"><strong>V Coloquio Nacional sobre Modelos Educativos Universitarios 2023 (MEU)<\/strong><\/h2>\n\n\n\n<p><strong>Instituciones Convocantes<\/strong><\/p>\n\n\n<h4>&nbsp;<\/h4>\n<h4 style=\"text-align: center;\">MODALIDAD MIXTA<\/h4>\n<h4 style=\"text-align: center;\">17, 18 y 19 de mayo de 2023<\/h4>\n<p style=\"text-align: center;\">\n<\/p><h3 style=\"text-align: center;\"><a href=\"https:\/\/moeduniv.izt.uam.mx\/wp-content\/uploads\/2023\/03\/cartel_mar.pdf\">Cartel<\/a>&nbsp;<\/h3>\n<h1 style=\"text-align: center;\"><span style=\"color: #000080;\"><strong>Se extiende la fecha para mandar archivos en extenso al 15 de mayo, tambi\u00e9n se les recuerda a los participantes que pasan los archivos por un proceso de revisi\u00f3n.&nbsp;<\/strong><\/span><\/h1>\n<p><\/p>\n<h1 style=\"text-align: center;\"><a href=\"https:\/\/moeduniv.izt.uam.mx\/wp-content\/uploads\/2023\/04\/DATOS-CUENTA-INGRESOS2.pdf\"><strong>PAGOS<\/strong><\/a><\/h1>\n<p><\/p>\n<p><img fetchpriority=\"high\" decoding=\"async\" class=\"alignnone wp-image-1443 size-full\" src=\"https:\/\/moeduniv.izt.uam.mx\/wp-content\/uploads\/2023\/03\/cartel_mar.jpg\" alt=\"\" width=\"2858\" height=\"4813\"><\/p>\n<p><strong>V Coloquio Nacional sobre Modelos Educativos Universitarios (MEU)<\/strong><\/p>\n<p>17, 18 y 19 de mayo de 2023<\/p>\n<p><strong>Instituci\u00f3n Sede<\/strong>:&nbsp; Universidad de Ciencias y Artes de Chiapas (UNICACH)<\/p>\n<p><strong>Instituciones Convocantes<\/strong><\/p>\n<p>Universidad Aut\u00f3noma Metropolitana- Iztapalapa (UAMI)<\/p>\n<p>Universidad Ju\u00e1rez Aut\u00f3noma de Tabasco (UJAT)<\/p>\n<p>Universidad Aut\u00f3noma de Tlaxcala UATX)<\/p>\n<p>Universidad Veracruzana (UV)<\/p>\n<p>Universidad Aut\u00f3noma de Nayarit (UAN)<\/p>\n<p>Universidad de Guadalajara (UdeG)<\/p>\n<p>Universidad Aut\u00f3noma Benito Ju\u00e1rez de Oaxaca (UABJO)<\/p>\n<p>Universidad Aut\u00f3noma de Chiapas (UNACH)<\/p>\n<p>Universidad Pedag\u00f3gica Nacional (UPN)<\/p>\n<p>Universidad Iberoamericana (UIA)<\/p>\n<p>Facultad de Estudios Superiores Iztacala<\/p>\n<p>Universidad Aut\u00f3noma de San Luis Potos\u00ed<\/p>\n<p>Beth Israel Deaconess Medical Center<\/p>\n<p>Harvard Medical School<\/p>\n<p><strong>1.- Tipo de Participaci\u00f3n: <\/strong><\/p>\n<p>El evento se llevar\u00e1 a cabo, en sesiones de trabajo, durante tres d\u00edas en modalidad h\u00edbrida. Los participantes compartir\u00e1n su conocimiento, experiencias y perspectivas sobre las tem\u00e1ticas planteadas, tanto en las conferencias magistrales como en las ponencias.<\/p>\n<p>Se invita a las comunidades universitarias, estudiantes y acad\u00e9micos interesados en el tema, equipos de evaluaci\u00f3n o dise\u00f1o de modelos pedag\u00f3gicos flexibles en cada universidad, a participar en alguna de las siguientes modalidades:<\/p>\n<ol>\n<li><strong>Ponentes<\/strong>: ser\u00e1n todas aquellas personas interesadas (estudiantes, acad\u00e9micos, funcionarios y\/o administrativos) en exponer trabajos acad\u00e9micos, individuales o grupales (en caso de ser un trabajo grupal se solicita que se elija a un representante de este para su exposici\u00f3n) versados en cualquiera de las tem\u00e1ticas del Coloquio. Los tipos de estudio con los cuales se puede participar son: Reporte de investigaci\u00f3n (parcial o final), Intervenci\u00f3n, Aportaci\u00f3n te\u00f3rica y Ensayo.<\/li>\n<li><strong>Asistentes<\/strong>: ser\u00e1n todas aquellas personas interesadas (estudiantes, acad\u00e9micos, funcionarios y\/o administrativos, as\u00ed como p\u00fablico en general) en las tem\u00e1ticas del Coloquio y cuya participaci\u00f3n solo sea como audiencia.<\/li>\n<\/ol>\n<p><strong>2.- Caracter\u00edsticas de los Res\u00famenes<\/strong>:&nbsp;<\/p>\n<p>Para registrar su participaci\u00f3n, deben ingresar al sitio web oficial ttp:\/\/www.&nbsp;<u><a href=\"https:\/\/moeduniv.izt.uam.mx\/\">moeduniv.izt.uam.mx<\/a><\/u><\/p>\n<p>Indicar la mesa de trabajo y la tem\u00e1tica a la que pertenece. (INTEGRAR FORMATO DE RESUMEN DEL 5ER. COLOQUIO)<\/p>\n<p><strong>Se\u00f1alar el Tipo de estudio<\/strong>: Reporte de investigaci\u00f3n (parcial o final), Intervenci\u00f3n Aportaci\u00f3n te\u00f3rica&nbsp; o Ensayo<\/p>\n<p>\u2219 T\u00edtulo: 20 palabras m\u00e1ximo.<\/p>\n<p>\u2219 Desarrollo: 500 palabras m\u00e1ximo.<\/p>\n<p>&nbsp;\u2219 Palabras claves: entre tres y cinco.<\/p>\n<p>\u2219 Nombre(s) del autor(es): m\u00e1ximo tres autores.<\/p>\n<ul>\n<li>Correo electr\u00f3nico del responsable quien env\u00eda el resumen:<\/li>\n<\/ul>\n<p>&nbsp;\u2219 Instituci\u00f3n a la que pertenece<\/p>\n<p>Fecha de inicio de env\u00edo de resumen: a partir de la publicaci\u00f3n de la convocatoria.<\/p>\n<p><strong>&nbsp;Fecha m\u00e1xima de env\u00edo de resumen: 28 de febrero de 2023.<\/strong><\/p>\n<p><strong>Correo electr\u00f3nico de env\u00edo:&nbsp; moeduniv@gmail.com<\/strong><\/p>\n<p><strong>3.- Caracter\u00edsticas de la Ponencia en extenso<\/strong><\/p>\n<p>Para registrar su participaci\u00f3n, deben ingresar al sitio web oficial ttp:\/\/www.&nbsp;<u><a href=\"https:\/\/moeduniv.izt.uam.mx\/\">moeduniv.izt.uam.mx<\/a><\/u><\/p>\n<p><strong>3.1 Datos generales:<\/strong><\/p>\n<ul>\n<li>Eje Tem\u00e1tico:<\/li>\n<li>L\u00ednea:<\/li>\n<li>T\u00edtulo de la ponencia (m\u00e1ximo 20 palabras).<\/li>\n<li>Nombre(s) del autor(es): m\u00e1ximo tres autores. Incluir el grado acad\u00e9mico del o de los mismos.&nbsp;Correos electr\u00f3nicos de cada uno de ellos y la instituci\u00f3n de adscripci\u00f3n.<\/li>\n<\/ul>\n<p>Resumen y Abstrac (m\u00e1ximo 250 palabras). Espa\u00f1ol e ingl\u00e9s<\/p>\n<p>Palabras Clave: De tres a cinco palabras m\u00e1ximo. (espa\u00f1ol e ingl\u00e9s)<\/p>\n<p>Idioma: espa\u00f1ol.<\/p>\n<p><strong>3.2.- Utilizar el formato de acuerdo con el tipo de estudio.<\/strong><\/p>\n<p><strong>&nbsp;<u><a href=\"https:\/\/moeduniv.izt.uam.mx\/index.php\/a-formato-meu-reporte-parcial-o-final-de-investigacion\/\">A Resultados de investigaci\u00f3n<\/a><\/u><\/strong><\/p>\n<ul>\n<li>Introducci\u00f3n<\/li>\n<li>Metodolog\u00eda<\/li>\n<li>Marco te\u00f3rico<\/li>\n<li>Desarrollo<\/li>\n<li>Resultados<\/li>\n<li>Referencias<\/li>\n<\/ul>\n<p><strong><u><a href=\"https:\/\/moeduniv.izt.uam.mx\/index.php\/1300-2\/\">B Resultado de intervenci\u00f3n. <\/a><\/u>&nbsp;<\/strong><\/p>\n<ul>\n<li>Introducci\u00f3n<\/li>\n<li>Situaci\u00f3n de intervenci\u00f3n<\/li>\n<li>Planteamiento del problema<\/li>\n<li>Justificaci\u00f3n<\/li>\n<li>Marco te\u00f3rico \/conceptual<\/li>\n<li>Dise\u00f1o de la intervenci\u00f3n<\/li>\n<li>Resultados<\/li>\n<li>Evaluaci\u00f3n y seguimiento<\/li>\n<li>Referencias<\/li>\n<\/ul>\n<p><strong>&nbsp;&nbsp;&nbsp;&nbsp;&nbsp;&nbsp; <u><a href=\"https:\/\/moeduniv.izt.uam.mx\/index.php\/1289-2\/\">C Aportaci\u00f3n te\u00f3rica <\/a><\/u><\/strong><u><\/u><u><\/u><\/p>\n<ul>\n<li>Introducci\u00f3n<\/li>\n<li>Planteamiento del problema<\/li>\n<li>N\u00facleo conceptual<\/li>\n<li>Discusi\u00f3n<\/li>\n<li>Conclusiones<\/li>\n<li>Referencias<\/li>\n<\/ul>\n<p><strong>&nbsp;&nbsp;&nbsp;&nbsp;&nbsp;&nbsp; <u><a href=\"https:\/\/moeduniv.izt.uam.mx\/index.php\/d-formato-meu-ensayo\/\">D Ensayo<\/a><\/u><\/strong><\/p>\n<ul>\n<li>Introducci\u00f3n<\/li>\n<li>Desarrollo<\/li>\n<li>Desenlace<\/li>\n<li>Cierre<\/li>\n<li>Referencias<strong style=\"font-size: revert; color: initial;\">&nbsp;<\/strong><\/li>\n<\/ul>\n<p><strong>3.3.- Incorporar las normas <\/strong><\/p>\n<p>Formato: Word (.doc o .docx)<\/p>\n<p>Fuente: Times New Roman 12 puntos.<\/p>\n<p>Interlineado de 1.5<\/p>\n<p>Numeraci\u00f3n de p\u00e1ginas<\/p>\n<p>Hoja carta (28\u00d721.5).<\/p>\n<p>&nbsp;Extensi\u00f3n m\u00ednima 12&nbsp; y m\u00e1xima 15 hojas, contando desde introducci\u00f3n, hasta referencias bibliogr\u00e1ficas, tablas y cuadros. Notas a pie de p\u00e1gina: no se admiten.<\/p>\n<p>Tablas y Figuras: deber\u00e1n formar parte del texto y presentarse en formato JPEG, TIFF, GIF o PNG. Los trabajos deber\u00e1n ser enviados en ODT, DOC o DOCX (para la edici\u00f3n de la memoria virtual y un libro posterior al evento).<\/p>\n<p>El nombre del archivo a enviar deber\u00e1 ir en may\u00fasculas, e indicando eje y el n\u00famero de l\u00ednea, seguido del nombre del primer autor.<\/p>\n<p>Ej.: Pol\u00edtica 1_RODR\u00cdGUEZ P\u00c9REZ JUAN<\/p>\n<p><strong>Enviar a Correo electr\u00f3nico de ponencia en extenso: moeduniv@gmail.com<\/strong><\/p>\n<p><strong>4.- FORMA DE TRABAJO <\/strong><\/p>\n<p>Las ponencias y conferencias magistrales, todas ser\u00e1n h\u00edbridas, es decir, los participantes y asistentes se podr\u00e1n encontrar tanto de manera presencial y de forma sincr\u00f3nica (en l\u00ednea).<\/p>\n<p><strong>5.- INSCRIPCIONES<\/strong><\/p>\n<p>Costos:<\/p>\n<p>Cuota para ponente presencial: $600.00 MN.<\/p>\n<p>Cuota para ponente virtual: $400.00 MN.&nbsp;<\/p>\n<p>Cuota para ponente alumno (presencial o virtual): $300.00 MN.<\/p>\n<p>Cuota para asistentes (no ponentes) presencial o virtual: $200.00 MN.&nbsp;<\/p>\n<p><strong>Mayores Informes&nbsp;<\/strong><\/p>\n<p>Correo electr\u00f3nico: sociologiauam@hotmail.com<\/p>\n<p>Sitio web: http:\/\/www.&nbsp;<u><a href=\"https:\/\/moeduniv.izt.uam.mx\/\">moeduniv.izt.uam.mx<\/a><\/u>\/<\/p>\n<p><\/p>","protected":false},"excerpt":{"rendered":"<p>PROGRAMA 2023 CARTEL RUMBO AL COLOQUIO V Coloquio Nacional sobre Modelos Educativos Universitarios 2023 (MEU) Instituciones Convocantes &nbsp; MODALIDAD MIXTA 17, 18 y 19 de mayo de 2023 Cartel&nbsp; Se extiende la fecha para mandar archivos en extenso al 15 de mayo, tambi\u00e9n se les recuerda a los participantes que pasan los archivos por un &hellip; <\/p>\n<p class=\"link-more\"><a href=\"https:\/\/moeduniv.izt.uam.mx\/index.php\/convocatoria\/\" class=\"more-link\">Continuar leyendo<span class=\"screen-reader-text\"> &#8220;Convocatoria&#8221;<\/span><\/a><\/p>\n","protected":false},"author":1,"featured_media":0,"parent":0,"menu_order":0,"comment_status":"closed","ping_status":"closed","template":"","meta":{"footnotes":""},"class_list":["post-5","page","type-page","status-publish","hentry"],"_links":{"self":[{"href":"https:\/\/moeduniv.izt.uam.mx\/index.php\/wp-json\/wp\/v2\/pages\/5","targetHints":{"allow":["GET"]}}],"collection":[{"href":"https:\/\/moeduniv.izt.uam.mx\/index.php\/wp-json\/wp\/v2\/pages"}],"about":[{"href":"https:\/\/moeduniv.izt.uam.mx\/index.php\/wp-json\/wp\/v2\/types\/page"}],"author":[{"embeddable":true,"href":"https:\/\/moeduniv.izt.uam.mx\/index.php\/wp-json\/wp\/v2\/users\/1"}],"replies":[{"embeddable":true,"href":"https:\/\/moeduniv.izt.uam.mx\/index.php\/wp-json\/wp\/v2\/comments?post=5"}],"version-history":[{"count":98,"href":"https:\/\/moeduniv.izt.uam.mx\/index.php\/wp-json\/wp\/v2\/pages\/5\/revisions"}],"predecessor-version":[{"id":1573,"href":"https:\/\/moeduniv.izt.uam.mx\/index.php\/wp-json\/wp\/v2\/pages\/5\/revisions\/1573"}],"wp:attachment":[{"href":"https:\/\/moeduniv.izt.uam.mx\/index.php\/wp-json\/wp\/v2\/media?parent=5"}],"curies":[{"name":"wp","href":"https:\/\/api.w.org\/{rel}","templated":true}]}}