{"id":232,"date":"2020-04-16T12:40:26","date_gmt":"2020-04-16T18:40:26","guid":{"rendered":"https:\/\/moeduniv.izt.uam.mx\/?page_id=232"},"modified":"2020-04-18T14:00:47","modified_gmt":"2020-04-18T20:00:47","slug":"bibliografia","status":"publish","type":"page","link":"https:\/\/moeduniv.izt.uam.mx\/index.php\/bibliografia\/","title":{"rendered":"Documentos Oficiales"},"content":{"rendered":"\n<h2 class=\"wp-block-heading\"> Documentos Oficiales<\/h2>\n\n\n\n<p><a href=\"https:\/\/moeduniv.izt.uam.mx\/wp-content\/uploads\/2020\/04\/Educaci\u00f3n-Superior-en-M\u00e9xico.pdf\">Educaci\u00f3n Superior en M\u00e9xico<\/a><\/p>\n\n\n\n<p><a href=\"https:\/\/moeduniv.izt.uam.mx\/wp-content\/uploads\/2020\/04\/Educaci\u00f3n-Superior-en-Mexico-OCDE.pdf\">Educaci\u00f3n Superior en Mexico-OCDE<\/a><\/p>\n\n\n\n<p><a href=\"https:\/\/moeduniv.izt.uam.mx\/wp-content\/uploads\/2020\/04\/La-educacion-en-el-Plan-Nacional-de-Desarrollo-2019-2024-Primeras-Impresiones.pdf\">La educacion en el Plan Nacional de Desarrollo 2019-2024 Primeras Impresiones<\/a><\/p>\n\n\n\n<p><a href=\"https:\/\/moeduniv.izt.uam.mx\/wp-content\/uploads\/2020\/04\/Modelo-Educativo-para-la-educaci\u00f3n-obligatoria.pdf\">Modelo Educativo para la educaci\u00f3n obligatoria<\/a><\/p>\n\n\n\n<p><a href=\"https:\/\/moeduniv.izt.uam.mx\/wp-content\/uploads\/2020\/04\/Modelo-educativo_Nueva-Escuela-Mexicana.pdf\">Modelo educativo_Nueva Escuela Mexicana<\/a><\/p>\n\n\n\n<p><a href=\"https:\/\/moeduniv.izt.uam.mx\/wp-content\/uploads\/2020\/04\/Plan-Nacional-de-Desarrollo-AMLO.pdf\">Plan Nacional de Desarrollo AMLO<\/a><\/p>\n\n\n\n<p><a href=\"https:\/\/moeduniv.izt.uam.mx\/wp-content\/uploads\/2020\/04\/Vision-y-Accion-2030-Educacion-Superior_ANUIES.pdf\">Vision y Accion 2030 Educacion Superior_ANUIES<\/a><\/p>\n\n\n\n<p><\/p>\n\n\n","protected":false},"excerpt":{"rendered":"<p>Documentos Oficiales Educaci\u00f3n Superior en M\u00e9xico Educaci\u00f3n Superior en Mexico-OCDE La educacion en el Plan Nacional de Desarrollo 2019-2024 Primeras Impresiones Modelo Educativo para la educaci\u00f3n obligatoria Modelo educativo_Nueva Escuela Mexicana Plan Nacional de Desarrollo AMLO Vision y Accion 2030 Educacion Superior_ANUIES<\/p>\n","protected":false},"author":1,"featured_media":0,"parent":0,"menu_order":0,"comment_status":"closed","ping_status":"closed","template":"","meta":{"footnotes":""},"class_list":["post-232","page","type-page","status-publish","hentry"],"_links":{"self":[{"href":"https:\/\/moeduniv.izt.uam.mx\/index.php\/wp-json\/wp\/v2\/pages\/232","targetHints":{"allow":["GET"]}}],"collection":[{"href":"https:\/\/moeduniv.izt.uam.mx\/index.php\/wp-json\/wp\/v2\/pages"}],"about":[{"href":"https:\/\/moeduniv.izt.uam.mx\/index.php\/wp-json\/wp\/v2\/types\/page"}],"author":[{"embeddable":true,"href":"https:\/\/moeduniv.izt.uam.mx\/index.php\/wp-json\/wp\/v2\/users\/1"}],"replies":[{"embeddable":true,"href":"https:\/\/moeduniv.izt.uam.mx\/index.php\/wp-json\/wp\/v2\/comments?post=232"}],"version-history":[{"count":14,"href":"https:\/\/moeduniv.izt.uam.mx\/index.php\/wp-json\/wp\/v2\/pages\/232\/revisions"}],"predecessor-version":[{"id":282,"href":"https:\/\/moeduniv.izt.uam.mx\/index.php\/wp-json\/wp\/v2\/pages\/232\/revisions\/282"}],"wp:attachment":[{"href":"https:\/\/moeduniv.izt.uam.mx\/index.php\/wp-json\/wp\/v2\/media?parent=232"}],"curies":[{"name":"wp","href":"https:\/\/api.w.org\/{rel}","templated":true}]}}