{"id":1300,"date":"2022-10-24T19:48:39","date_gmt":"2022-10-25T01:48:39","guid":{"rendered":"https:\/\/moeduniv.izt.uam.mx\/?page_id=1300"},"modified":"2022-10-24T19:49:39","modified_gmt":"2022-10-25T01:49:39","slug":"1300-2","status":"publish","type":"page","link":"https:\/\/moeduniv.izt.uam.mx\/index.php\/1300-2\/","title":{"rendered":"B. Formato MEU"},"content":{"rendered":"\n<h4 class=\"wp-block-heading\">T\u00edtulo de la ponencia no mayor 20 palabras; centrado con tipo de letra Times New Rom\u00e1n de 12 puntos; negritas e interlineado sencillo. No utilice s\u00f3lo may\u00fasculas.<\/h4>\n\n\n\n<p>Grado acad\u00e9mico, Nombre Autor 1. Apellido Paterno, Apellido Materno<\/p>\n\n\n\n<p>Instituci\u00f3n de procedencia<\/p>\n\n\n\n<p>Correo electr\u00f3nico<\/p>\n\n\n\n<p>Grado acad\u00e9mico, Nombre Autor 2. Apellido Paterno, Apellido Materno<\/p>\n\n\n\n<p>Instituci\u00f3n de procedencia<\/p>\n\n\n\n<p>Correo electr\u00f3nico<\/p>\n\n\n\n<p>Grado acad\u00e9mico, Nombre Autor 3. Apellido Paterno, Apellido Materno<\/p>\n\n\n\n<p>Instituci\u00f3n de procedencia<\/p>\n\n\n\n<p>Correo electr\u00f3nico<\/p>\n\n\n\n<p><strong>Eje tem\u00e1tico<\/strong>: Asigne solo uno de los tres ejes tem\u00e1ticos del coloquio<\/p>\n\n\n\n<p>(Consulte: poner p\u00e1gina de convocatoria)<\/p>\n\n\n\n<p><strong>L\u00ednea tem\u00e1tica<\/strong>: Asigne s\u00f3lo una de las l\u00edneas tem\u00e1ticas que se indican dentro del eje tem\u00e1tico seleccionado (Consulte: poner p\u00e1gina de convocatoria)<\/p>\n\n\n\n<p>Tipo de ponencia: Reporte parcial o final de investigaci\u00f3n. (Consulte la convocatoria en: poner p\u00e1gina de convocatoria)<\/p>\n\n\n\n<p>Resumen<\/p>\n\n\n\n<p>Resumen, no deber\u00e1 ser mayor a 250 palabras. &nbsp;Espa\u00f1ol&nbsp; y Abracts<\/p>\n\n\n\n<p><strong>Palabras clave<\/strong>: Tres a cuatro palabras clave m\u00e1ximo, espa\u00f1ol y abstracts, separadas por comas, se sugiere utilizar el vocabulario controlado IRASIE &nbsp;(<a href=\"http:\/\/www.iisue.unam.mx\/iisue\/documentos\/actividades\/vocabulario-controlado.pdf\">http:\/\/www.iisue.unam.mx\/iisue\/documentos\/actividades\/vocabulario-controlado.pdf<\/a>)<\/p>\n\n\n\n<ul class=\"wp-block-list\"><li><strong>Introducci\u00f3n<\/strong><\/li><\/ul>\n\n\n\n<p>&nbsp;Se presenta la situaci\u00f3n o &nbsp;problema que se propone para la intervenci\u00f3n, se redactan los factores&nbsp; que inciden asi como la delimitaci\u00f3n y alcance del proyecto<\/p>\n\n\n\n<p>Tambien se incluye&nbsp; el contexto, es decir se describe el escenario en donde se identifica la situaci\u00f3n o problema.(ubicaci\u00f3n geogr\u00e1fica,aspectos socioecon\u00f3micos, infraestructura,etc.).<\/p>\n\n\n\n<ul class=\"wp-block-list\"><li><strong>Situaci\u00f3n de intervenci\u00f3n<\/strong><\/li><\/ul>\n\n\n\n<p>Se expone el diagn\u00f3stico esto es, &nbsp;el an\u00e1lisis de necesidades reales, que fundamentan la intervenci\u00f3n,detallandose las causas&nbsp; y efectos de la situaci\u00f3n o problema.Incorpora la metodologia que se desarroll\u00f3 para tener la informaci\u00f3n&nbsp; del diagn\u00f3stico.<\/p>\n\n\n\n<ul class=\"wp-block-list\"><li><strong>Planteamiento del problema<\/strong><\/li><\/ul>\n\n\n\n<p>Se describe &nbsp;la situaci\u00f3n o problema de la intervenci\u00f3n.. \u00bfCu\u00e1l es la situaci\u00f3n problem\u00e1tica que da origen a la intervenci\u00f3n propuesta? , \u00bfQu\u00e9 es lo que se quiere cambiar o transformar?<\/p>\n\n\n\n<ul class=\"wp-block-list\"><li><strong>Justificaci\u00f3n<\/strong><\/li><\/ul>\n\n\n\n<p>&nbsp; Se expone una descripci\u00f3n del porqu\u00e9 es importante este proyecto,&nbsp; cual es su impacto, cuales son los beneficios \u00bfpor qu\u00e9 es importante realizarlo? porque es el mas conveniente considerando los problemas que se identifiquen en el diagn\u00f3stico.<\/p>\n\n\n\n<ul class=\"wp-block-list\"><li><strong>Marco te\u00f3rico y conceptual<\/strong><\/li><\/ul>\n\n\n\n<p>Representa&nbsp; la investigaci\u00f3n documental en donde se dan los aportes&nbsp; te\u00f3ricos que fundamentan la intervenci\u00f3n. Incorpora la definici\u00f3n de conceptos que se utilizan en el planteamiento del problema o situaci\u00f3n, de los indicadores.<\/p>\n\n\n\n<ul class=\"wp-block-list\"><li><strong>Dise\u00f1o de la intervenci\u00f3n <\/strong><strong>.<\/strong><\/li><\/ul>\n\n\n\n<p>&nbsp;Incorpora &nbsp;&nbsp;los objetivos de intervenci\u00f3n,los indicadores que se pretenden intervenir a partir de metas las cuales deben ser medibles y cuantificables, se describen tambi\u00e9n las estrategias y acciones concretas&nbsp; a implementar en un orden l\u00f3gico ,seguidamente de los recursos humanos, materiales y financieros necesarios para su implementaci\u00f3n ,incorporando la planificaci\u00f3n de los mecanismos de evaluaci\u00f3n de los resultados que se obtengan.<\/p>\n\n\n\n<ul class=\"wp-block-list\"><li><strong>Resultados<\/strong><\/li><\/ul>\n\n\n\n<p>Implica la medici\u00f3n cuantitativa y cualitativa de los logros alcanzados despues de la intervenci\u00f3n.<\/p>\n\n\n\n<ul class=\"wp-block-list\"><li><strong>Evaluaci\u00f3n y seguimiento<\/strong><\/li><\/ul>\n\n\n\n<p>Implica la medici\u00f3n de indicadores de logro \/impacto y el monitoreo<\/p>\n\n\n\n<ul class=\"wp-block-list\"><li><strong>Referencias<\/strong><\/li><\/ul>\n\n\n\n<p>Extensi\u00f3n m\u00e1xima de la ponencia 12 a 15 p\u00e1ginas.<\/p>\n\n\n\n<p>\u00b7&nbsp;&nbsp;&nbsp;&nbsp;&nbsp;&nbsp;&nbsp;&nbsp; Incluidas referencias bibliogr\u00e1ficas, cuadros y tablas, Sin considerar t\u00edtulo, resumen y palabras clave, No se admiten notas a pie de p\u00e1gina.<\/p>\n\n\n\n<p>\u00b7&nbsp;&nbsp;&nbsp;&nbsp;&nbsp;&nbsp;&nbsp;&nbsp; Interlineado de 1.5, fuente Times New Rom\u00e1n, tama\u00f1o 12 puntos.<\/p>\n\n\n\n<p>\u00b7&nbsp;&nbsp;&nbsp;&nbsp;&nbsp;&nbsp;&nbsp;&nbsp; En formato .doc o .docx<\/p>\n\n\n\n<p>\u00b7&nbsp;&nbsp;&nbsp;&nbsp;&nbsp;&nbsp;&nbsp;&nbsp; La ponencia debe ajustarse a los requisitos antes se\u00f1alados. &nbsp;<\/p>\n\n\n\n<p>Introducci\u00f3n<\/p>\n\n\n\n<p>Donde se explicita el problema de investigaci\u00f3n y su relaci\u00f3n con el estado de conocimiento del eje tem\u00e1tico, as\u00ed como la formulaci\u00f3n de preguntas, hip\u00f3tesis y objetivos.<\/p>\n\n\n\n<p><strong>Metodolog\u00eda<\/strong><\/p>\n\n\n\n<p>Se explicita el corte metodol\u00f3gico y procedimental que sustenta la investigaci\u00f3n.<\/p>\n\n\n\n<p><strong>Marco te\u00f3rico o conceptual<\/strong><\/p>\n\n\n\n<p>Se explicita el corte te\u00f3rico que sustenta a la investigaci\u00f3n.<\/p>\n\n\n\n<p><strong>Resultados<\/strong><\/p>\n\n\n\n<p>Se discuten los resultados obtenidos con dicho sustento y con los objetivos de estudio.<\/p>\n\n\n\n<h2 class=\"wp-block-heading\">Conclusiones<\/h2>\n\n\n\n<p>Se presentan los hallazgos del estudio en relaci\u00f3n con las preguntas y objetivos de este.<\/p>\n\n\n\n<p><strong>Tablas y Gr\u00e1ficas<\/strong><\/p>\n\n\n\n<p>Las tablas, cuadros y gr\u00e1ficas, deber\u00e1n estar claramente referenciadas en el texto. Recuerde que esas son contabilizadas para la extensi\u00f3n m\u00e1xima de p\u00e1ginas para las ponencias.<\/p>\n\n\n\n<p><strong>Referencias.<\/strong><\/p>\n\n\n\n<p>Solo incluir las referencias citadas en el cuerpo del trabajo.<\/p>\n\n\n\n<p>Todas &nbsp;las referencias deber\u00e1n estar en formato APA versi\u00f3n 7. En su versi\u00f3n en espa\u00f1ol. (puede consultar algunos res\u00famenes en:&nbsp; https:\/\/www2.javerianacali.edu.co\/sites\/ujc\/files\/manual_de_normas_apa_7a_completo.pdf<\/p>\n","protected":false},"excerpt":{"rendered":"<p>T\u00edtulo de la ponencia no mayor 20 palabras; centrado con tipo de letra Times New Rom\u00e1n de 12 puntos; negritas e interlineado sencillo. No utilice s\u00f3lo may\u00fasculas. Grado acad\u00e9mico, Nombre Autor 1. Apellido Paterno, Apellido Materno Instituci\u00f3n de procedencia Correo electr\u00f3nico Grado acad\u00e9mico, Nombre Autor 2. Apellido Paterno, Apellido Materno Instituci\u00f3n de procedencia Correo electr\u00f3nico &hellip; <\/p>\n<p class=\"link-more\"><a href=\"https:\/\/moeduniv.izt.uam.mx\/index.php\/1300-2\/\" class=\"more-link\">Continuar leyendo<span class=\"screen-reader-text\"> &#8220;B. Formato MEU&#8221;<\/span><\/a><\/p>\n","protected":false},"author":1,"featured_media":0,"parent":0,"menu_order":0,"comment_status":"closed","ping_status":"closed","template":"","meta":{"footnotes":""},"class_list":["post-1300","page","type-page","status-publish","hentry"],"_links":{"self":[{"href":"https:\/\/moeduniv.izt.uam.mx\/index.php\/wp-json\/wp\/v2\/pages\/1300","targetHints":{"allow":["GET"]}}],"collection":[{"href":"https:\/\/moeduniv.izt.uam.mx\/index.php\/wp-json\/wp\/v2\/pages"}],"about":[{"href":"https:\/\/moeduniv.izt.uam.mx\/index.php\/wp-json\/wp\/v2\/types\/page"}],"author":[{"embeddable":true,"href":"https:\/\/moeduniv.izt.uam.mx\/index.php\/wp-json\/wp\/v2\/users\/1"}],"replies":[{"embeddable":true,"href":"https:\/\/moeduniv.izt.uam.mx\/index.php\/wp-json\/wp\/v2\/comments?post=1300"}],"version-history":[{"count":2,"href":"https:\/\/moeduniv.izt.uam.mx\/index.php\/wp-json\/wp\/v2\/pages\/1300\/revisions"}],"predecessor-version":[{"id":1303,"href":"https:\/\/moeduniv.izt.uam.mx\/index.php\/wp-json\/wp\/v2\/pages\/1300\/revisions\/1303"}],"wp:attachment":[{"href":"https:\/\/moeduniv.izt.uam.mx\/index.php\/wp-json\/wp\/v2\/media?parent=1300"}],"curies":[{"name":"wp","href":"https:\/\/api.w.org\/{rel}","templated":true}]}}